{"id":45,"date":"2013-10-07T12:50:18","date_gmt":"2013-10-07T12:50:18","guid":{"rendered":"http:\/\/traonmilin.wp.mines-telecom.fr\/?page_id=45"},"modified":"2024-09-18T07:39:18","modified_gmt":"2024-09-18T07:39:18","slug":"teaching","status":"publish","type":"page","link":"https:\/\/yanntraonmilin.perso.math.cnrs.fr\/?page_id=45","title":{"rendered":"Teaching"},"content":{"rendered":"<h2>2024-<\/h2>\n<p>Analyse de Fourier Appliqu\u00e9e. M1 Universit\u00e9 de Bordeaux<\/p>\n<h2>2023<\/h2>\n<p>UE &#8220;Image&#8221; L3 Universit\u00e9 de Bordeaux. Introduction au traitement du signal et des images, transform\u00e9e de Fourier discr\u00e8te et convolution.<\/p>\n<h2>2018-2022<\/h2>\n<p>Simulation stochastique et m\u00e9thodes bay\u00e9siennes pour le traitement du signal et des images.<\/p>\n<p>&#8212;&#8212;&#8212;&#8212;&#8212;&#8212;&#8212;&#8212;&#8212;&#8212;&#8212;&#8212;&#8212;&#8212;&#8212;&#8212;&#8212;&#8212;&#8212;&#8212;&#8212;&#8212;&#8212;<\/p>\n<p>TD Syst\u00e8me lin\u00e9aires pour probl\u00e8mes industrielles &#8211;\u00a0 ENSEIRB MATMECA<\/p>\n<h2>2011-2014<\/h2>\n<p>During my thesis, I taught mathematics (exercise sessions) at Universit\u00e9 Pierre et Marie Curie.<\/p>\n<p><span style=\"vertical-align: inherit;\"><span style=\"vertical-align: inherit;\">2013-2013 Analyse et alg\u00e8bre: focus sur les \u00e9preuves (2e ann\u00e9e de licence, L2) <\/span><\/span><br \/>\n<span style=\"vertical-align: inherit;\"><span style=\"vertical-align: inherit;\">Analyse: S\u00e9rie et int\u00e9grales (2e ann\u00e9e de licence, L2)<\/span><\/span><\/p>\n<p><span style=\"vertical-align: inherit;\"><span style=\"vertical-align: inherit;\">2012-2013 Alg\u00e8bre 2: Espaces vectoriels, matrices (1er cycle de premier cycle, L1) <\/span><\/span><br \/>\n<span style=\"vertical-align: inherit;\"><span style=\"vertical-align: inherit;\">Analyse: S\u00e9rie et int\u00e9grales (2e ann\u00e9e de premier cycle, L2)<\/span><\/span><\/p>\n<p><span style=\"vertical-align: inherit;\"><span style=\"vertical-align: inherit;\">2011-2012: Fourier et Distributions (3e ann\u00e9e de premier cycle, L3) <\/span><\/span><br \/>\n<span style=\"vertical-align: inherit;\"><span style=\"vertical-align: inherit;\">Analyse: S\u00e9ries et Int\u00e9grales (2e ann\u00e9e de premier cycle, L2)<\/span><\/span><\/p>\n","protected":false},"excerpt":{"rendered":"<p>2024- Analyse de Fourier Appliqu\u00e9e. M1 Universit\u00e9 de Bordeaux 2023 UE &#8220;Image&#8221; L3 Universit\u00e9 de Bordeaux. Introduction au traitement du signal et des images, transform\u00e9e de Fourier discr\u00e8te et convolution. 2018-2022 Simulation stochastique et m\u00e9thodes bay\u00e9siennes pour le traitement du signal et des images. &#8212;&#8212;&#8212;&#8212;&#8212;&#8212;&#8212;&#8212;&#8212;&#8212;&#8212;&#8212;&#8212;&#8212;&#8212;&#8212;&#8212;&#8212;&#8212;&#8212;&#8212;&#8212;&#8212; TD Syst\u00e8me lin\u00e9aires pour probl\u00e8mes industrielles &#8211;\u00a0 ENSEIRB MATMECA 2011-2014 [&hellip;]<\/p>\n","protected":false},"author":1,"featured_media":0,"parent":0,"menu_order":0,"comment_status":"closed","ping_status":"open","template":"","meta":{"footnotes":""},"class_list":["post-45","page","type-page","status-publish","hentry"],"_links":{"self":[{"href":"https:\/\/yanntraonmilin.perso.math.cnrs.fr\/index.php?rest_route=\/wp\/v2\/pages\/45","targetHints":{"allow":["GET"]}}],"collection":[{"href":"https:\/\/yanntraonmilin.perso.math.cnrs.fr\/index.php?rest_route=\/wp\/v2\/pages"}],"about":[{"href":"https:\/\/yanntraonmilin.perso.math.cnrs.fr\/index.php?rest_route=\/wp\/v2\/types\/page"}],"author":[{"embeddable":true,"href":"https:\/\/yanntraonmilin.perso.math.cnrs.fr\/index.php?rest_route=\/wp\/v2\/users\/1"}],"replies":[{"embeddable":true,"href":"https:\/\/yanntraonmilin.perso.math.cnrs.fr\/index.php?rest_route=%2Fwp%2Fv2%2Fcomments&post=45"}],"version-history":[{"count":2,"href":"https:\/\/yanntraonmilin.perso.math.cnrs.fr\/index.php?rest_route=\/wp\/v2\/pages\/45\/revisions"}],"predecessor-version":[{"id":535,"href":"https:\/\/yanntraonmilin.perso.math.cnrs.fr\/index.php?rest_route=\/wp\/v2\/pages\/45\/revisions\/535"}],"wp:attachment":[{"href":"https:\/\/yanntraonmilin.perso.math.cnrs.fr\/index.php?rest_route=%2Fwp%2Fv2%2Fmedia&parent=45"}],"curies":[{"name":"wp","href":"https:\/\/api.w.org\/{rel}","templated":true}]}}